{"id":7278,"date":"2020-10-26T20:24:54","date_gmt":"2020-10-26T20:24:54","guid":{"rendered":"https:\/\/aqua-nautica.com\/sobre-nos\/"},"modified":"2026-01-14T16:26:26","modified_gmt":"2026-01-14T16:26:26","slug":"sobre-nos","status":"publish","type":"page","link":"https:\/\/aqua-nautica.com\/pt-pt\/sobre-nos\/","title":{"rendered":"Sobre n\u00f3s"},"content":{"rendered":"<div class=\"gb-container gb-container-cf54f05e\"><div class=\"gb-inside-container\">\n\n<h2 class=\"gb-headline gb-headline-faeaf809 gb-headline-text\">\u201cFabricamos dessalinizadores marinhos de recupera\u00e7\u00e3o de energia confi\u00e1veis e de qualidade pelo pre\u00e7o mais acess\u00edvel.\u201d<\/h2>\n\n<\/div><\/div>\n\n<div class=\"gb-container gb-container-64391086\"><div class=\"gb-inside-container\">\n<div class=\"gb-grid-wrapper gb-grid-wrapper-76fa5682\">\n<div class=\"gb-grid-column gb-grid-column-7fddd5ff\"><div class=\"gb-container gb-container-7fddd5ff animated bounceIn\"><div class=\"gb-inside-container\">\n\n<p>A Aqua Nautica \u00e9 uma das l\u00edderes de mercado, com mais de 30 anos de experi\u00eancia na fabrica\u00e7\u00e3o de produtos tecnologicamente avan\u00e7ados que s\u00e3o exportados para todo o mundo. <\/p>\n\n\n\n<p>Nossa nova linha de produ\u00e7\u00e3o para os melhores <strong>dessalinizadores de qualidade<\/strong>, nossa tecnologia e know-how, incluindo nossa experi\u00eancia e paix\u00e3o pela vela e cruzeiros de longa dist\u00e2ncia, s\u00e3o a melhor garantia de que sabemos como fazer \u00e1gua pot\u00e1vel a partir da \u00e1gua do mar.<\/p>\n\n\n\n<p>Fabricamos dessalinizadores de recupera\u00e7\u00e3o de energia confi\u00e1veis e de qualidade a um pre\u00e7o acess\u00edvel com bomba <strong>Clark<\/strong>.<\/p>\n\n\n\n<p>Esta bomba reduz o consumo de energia em at\u00e9 85% em compara\u00e7\u00e3o com os dessalinizadores convencionais.<\/p>\n\n<\/div><\/div><\/div>\n\n<div class=\"gb-grid-column gb-grid-column-0896ed09\"><div class=\"gb-container gb-container-0896ed09\"><div class=\"gb-inside-container\">\n\n<figure class=\"wp-block-image size-full animated bounceIn\"><img loading=\"lazy\" decoding=\"async\" width=\"700\" height=\"467\" src=\"https:\/\/aqua-nautica.com\/wp-content\/uploads\/2021\/10\/sailing-boat-watermaker.webp\" alt=\"sailing-boat-watermaker\" class=\"wp-image-4888\" srcset=\"https:\/\/aqua-nautica.com\/wp-content\/uploads\/2021\/10\/sailing-boat-watermaker.webp 700w, https:\/\/aqua-nautica.com\/wp-content\/uploads\/2021\/10\/sailing-boat-watermaker-600x400.webp 600w, https:\/\/aqua-nautica.com\/wp-content\/uploads\/2021\/10\/sailing-boat-watermaker-300x200.webp 300w\" sizes=\"auto, (max-width: 700px) 100vw, 700px\" \/><\/figure>\n\n<\/div><\/div><\/div>\n<\/div>\n<\/div><\/div>\n\n<div class=\"gb-container gb-container-1219f912\"><div class=\"gb-inside-container\">\n<div class=\"gb-grid-wrapper gb-grid-wrapper-252ec53a\">\n<div class=\"gb-grid-column gb-grid-column-9e976d0b\"><div class=\"gb-container gb-container-9e976d0b\"><div class=\"gb-inside-container\">\n\n<figure class=\"wp-block-image size-full is-resized\"><img loading=\"lazy\" decoding=\"async\" width=\"1200\" height=\"800\" src=\"https:\/\/aqua-nautica.com\/wp-content\/uploads\/2026\/01\/watermaker-AQUA-30PRO.webp\" alt=\"watermaker-AQUA-30PRO\" class=\"wp-image-9135\" srcset=\"https:\/\/aqua-nautica.com\/wp-content\/uploads\/2026\/01\/watermaker-AQUA-30PRO.webp 1200w, https:\/\/aqua-nautica.com\/wp-content\/uploads\/2026\/01\/watermaker-AQUA-30PRO-300x200.webp 300w, https:\/\/aqua-nautica.com\/wp-content\/uploads\/2026\/01\/watermaker-AQUA-30PRO-1024x683.webp 1024w, https:\/\/aqua-nautica.com\/wp-content\/uploads\/2026\/01\/watermaker-AQUA-30PRO-768x512.webp 768w, https:\/\/aqua-nautica.com\/wp-content\/uploads\/2026\/01\/watermaker-AQUA-30PRO-600x400.webp 600w\" sizes=\"auto, (max-width: 1200px) 100vw, 1200px\" \/><\/figure>\n\n<\/div><\/div><\/div>\n\n<div class=\"gb-grid-column gb-grid-column-1ca9a559\"><div class=\"gb-container gb-container-1ca9a559\"><div class=\"gb-inside-container\">\n\n<p>O propriet\u00e1rio, diretor e engenheiro-chefe da Aqua Nautica tem mais de vinte anos de experi\u00eancia em sua f\u00e1brica de produ\u00e7\u00e3o de dispositivos de aquecimento <strong>de alta qualidade<\/strong>, dos quais ele exporta mais de 95% de sua produ\u00e7\u00e3o anual.<\/p>\n\n\n\n<p>Por quase quarenta anos, ele tem sido um velejador apaixonado e propriet\u00e1rio de veleiros. Ele decidiu combinar essas duas paix\u00f5es e produzir os melhores, mais robustos e de mais alta qualidade <strong>dessalinizadores marinhos<\/strong> que consomem uma quantidade m\u00ednima de energia, s\u00e3o facilmente renov\u00e1veis com energia solar, cont\u00eam apenas componentes de alta qualidade dos melhores fabricantes do mundo e s\u00e3o muito mais acess\u00edveis do que outros.. <\/p>\n\n<\/div><\/div><\/div>\n<\/div>\n<\/div><\/div>\n\n<div class=\"gb-container gb-container-14938e00\"><div class=\"gb-inside-container\">\n<div class=\"gb-grid-wrapper gb-grid-wrapper-48b06bb6\">\n<div class=\"gb-grid-column gb-grid-column-4aa7ddce\"><div class=\"gb-container gb-container-4aa7ddce animated bounceIn\"><div class=\"gb-inside-container\">\n\n<p>Nossos produtos criam aquele equil\u00edbrio ideal entre a quantidade de \u00e1gua pot\u00e1vel produzida, a quantidade de energia consumida, durabilidade, confiabilidade, produ\u00e7\u00e3o m\u00e1quina e manual.<\/p>\n\n\n\n<p>Fabricados utilizando as tecnologias, materiais, m\u00e1quinas e ferramentas mais modernas que a f\u00e1brica possui, todos os dessalinizadores <strong>Aqua Nautica<\/strong> passam por controle manual e s\u00e3o adaptados \u00e0s necessidades individuais dos propriet\u00e1rios, incluindo as menores pe\u00e7as necess\u00e1rias para a instala\u00e7\u00e3o e subsequente manuten\u00e7\u00e3o do dispositivo.<\/p>\n\n\n\n<p>O lema de Milan \u00e9 que um \u201cproduto ruim n\u00e3o pode sair de sua f\u00e1brica\u201d e \u00e9 por isso que ele mesmo participa da cria\u00e7\u00e3o de cada nova unidade, ent\u00e3o podemos dizer com orgulho que cada um <strong>de nossos dessalinizadores \u00e9 uma obra de arte<\/strong>,<strong> a arte de fazer \u00e1gua.<\/strong><\/p>\n\n<\/div><\/div><\/div>\n\n<div class=\"gb-grid-column gb-grid-column-a97a44ff\"><div class=\"gb-container gb-container-a97a44ff\"><div class=\"gb-inside-container\">\n\n<figure class=\"wp-block-image size-full animated bounceIn\"><img loading=\"lazy\" decoding=\"async\" width=\"1200\" height=\"800\" src=\"https:\/\/aqua-nautica.com\/wp-content\/uploads\/2026\/01\/watermaker-AQUA-110PRO.webp\" alt=\"watermaker-AQUA-110PRO\" class=\"wp-image-9145\" srcset=\"https:\/\/aqua-nautica.com\/wp-content\/uploads\/2026\/01\/watermaker-AQUA-110PRO.webp 1200w, https:\/\/aqua-nautica.com\/wp-content\/uploads\/2026\/01\/watermaker-AQUA-110PRO-300x200.webp 300w, https:\/\/aqua-nautica.com\/wp-content\/uploads\/2026\/01\/watermaker-AQUA-110PRO-1024x683.webp 1024w, https:\/\/aqua-nautica.com\/wp-content\/uploads\/2026\/01\/watermaker-AQUA-110PRO-768x512.webp 768w, https:\/\/aqua-nautica.com\/wp-content\/uploads\/2026\/01\/watermaker-AQUA-110PRO-600x400.webp 600w\" sizes=\"auto, (max-width: 1200px) 100vw, 1200px\" \/><\/figure>\n\n<\/div><\/div><\/div>\n<\/div>\n<\/div><\/div>\n\n<div class=\"gb-container gb-container-377197f4\">\n<div class=\"gb-container gb-container-9c336849\">\n<div class=\"gb-grid-wrapper gb-grid-wrapper-4edb5aa8\">\n<div class=\"gb-grid-column gb-grid-column-c384e501\"><div class=\"gb-container gb-container-c384e501\">\n\n<figure class=\"wp-block-embed is-type-video is-provider-youtube wp-block-embed-youtube wp-embed-aspect-16-9 wp-has-aspect-ratio\"><div class=\"wp-block-embed__wrapper\">\n<iframe loading=\"lazy\" title=\"Installing watermaker for sailboat - Aqua Nautica\" width=\"1200\" height=\"675\" src=\"https:\/\/www.youtube.com\/embed\/VjZy3Q3n8Vk?feature=oembed\" frameborder=\"0\" allow=\"accelerometer; autoplay; clipboard-write; encrypted-media; gyroscope; picture-in-picture; web-share\" referrerpolicy=\"strict-origin-when-cross-origin\" allowfullscreen><\/iframe>\n<\/div><\/figure>\n\n<\/div><\/div>\n\n<div class=\"gb-grid-column gb-grid-column-325d0a27\"><div class=\"gb-container gb-container-325d0a27\">\n\n<figure class=\"wp-block-embed is-type-video is-provider-youtube wp-block-embed-youtube wp-embed-aspect-16-9 wp-has-aspect-ratio\"><div class=\"wp-block-embed__wrapper\">\n<iframe loading=\"lazy\" title=\"Watermaker Aqua Nautica Installation\" width=\"1200\" height=\"675\" src=\"https:\/\/www.youtube.com\/embed\/JRYn7Agjlcs?feature=oembed\" frameborder=\"0\" allow=\"accelerometer; autoplay; clipboard-write; encrypted-media; gyroscope; picture-in-picture; web-share\" referrerpolicy=\"strict-origin-when-cross-origin\" allowfullscreen><\/iframe>\n<\/div><\/figure>\n\n<\/div><\/div>\n\n<div class=\"gb-grid-column gb-grid-column-ff1f15d2\"><div class=\"gb-container gb-container-ff1f15d2\">\n\n<figure class=\"wp-block-embed is-type-video is-provider-youtube wp-block-embed-youtube wp-embed-aspect-16-9 wp-has-aspect-ratio\"><div class=\"wp-block-embed__wrapper\">\n<iframe loading=\"lazy\" title=\"Ep. 8 - Unser Wassermacher | der ULTIMATIVE GAME CHANGER\" width=\"1200\" height=\"675\" src=\"https:\/\/www.youtube.com\/embed\/sHetPkGWuYQ?feature=oembed\" frameborder=\"0\" allow=\"accelerometer; autoplay; clipboard-write; encrypted-media; gyroscope; picture-in-picture; web-share\" referrerpolicy=\"strict-origin-when-cross-origin\" allowfullscreen><\/iframe>\n<\/div><\/figure>\n\n<\/div><\/div>\n<\/div>\n<\/div>\n<\/div>\n\n<div class=\"gb-container gb-container-912ff9a8\"><div class=\"gb-inside-container\">\n\n<h2 class=\"gb-headline gb-headline-8a669089 gb-headline-text\">Testimonials<\/h2>\n\n\n\n<div class=\"wp-block-cb-carousel cb-single-slide\" data-slick=\"{&quot;slidesToShow&quot;:1,&quot;slidesToScroll&quot;:1,&quot;speed&quot;:300,&quot;arrows&quot;:false,&quot;dots&quot;:true,&quot;autoplay&quot;:true,&quot;autoplaySpeed&quot;:5000,&quot;infinite&quot;:true,&quot;responsive&quot;:[{&quot;breakpoint&quot;:769,&quot;settings&quot;:{&quot;slidesToShow&quot;:1,&quot;slidesToScroll&quot;:1}}]}\">\n<div class=\"wp-block-cb-slide\">\n<p class=\"gb-headline gb-headline-623bb5dd gb-headline-text\">&#8220;I was among the first to purchase an Aqua Nautica watermaker at the Paris boat show, a 25l\/h model. It is easy to install, I installed it myself, and it responds flawlessly to all our needs. needs fresh water while in summer we sail in the Mediterranean.&#8221; <em> \ud83d\ude0a<\/em><\/p>\n\n\n\n<h4 class=\"gb-headline gb-headline-9d6d9ea6 gb-headline-text\"><strong>M.G.<\/strong><\/h4>\n<\/div>\n\n\n\n<div class=\"wp-block-cb-slide\">\n<p class=\"gb-headline gb-headline-d531d929 gb-headline-text\">&#8220;The Aqua Nautica watermaker is a robust and reliable device. Its big advantage, for me, is that there are no electronics at all, no additional adjustments or risk of electronic failure. Their service in line is fast, with clear and precise instructions, videos and photos. As for the device, anyone can repair it mechanically, even on the high seas.&#8221;!<\/p>\n\n\n\n<h4 class=\"gb-headline gb-headline-35db7957 gb-headline-text\"><strong>J. B.<\/strong><\/h4>\n<\/div>\n\n\n\n<div class=\"wp-block-cb-slide\">\n<p class=\"gb-headline gb-headline-74e65016 gb-headline-text\">&#8220;I searched with many different manufacturers, but I couldn&#8217;t find a device that was as cheap or of better quality anywhere. Aqua Nautica&#8217;s prices are up to 30% to 40% cheaper, and the The device is of better quality than many more expensive brands.&#8221;<\/p>\n\n\n\n<h4 class=\"gb-headline gb-headline-942db5dd gb-headline-text\"><strong>V. P.&nbsp;<\/strong><\/h4>\n<\/div>\n\n\n\n<div class=\"wp-block-cb-slide\">\n<p class=\"gb-headline gb-headline-080c8527 gb-headline-text\"><em>&nbsp;<\/em>&#8220;I purchased an Aqua Nautica watermaker in the Adriatic three summers ago on the recommendation of a charter agency who use them on all their boats. The winterization process is simple and easy.&#8221;<\/p>\n\n\n\n<h4 class=\"gb-headline gb-headline-324e5d55 gb-headline-text\"><strong><em>P. D.<\/em><\/strong><\/h4>\n<\/div>\n\n\n\n<div class=\"wp-block-cb-slide\">\n<p class=\"has-text-align-center\">\u201cMy Aqua Nautica watermaker is the most important crew member on my round-the-world sailing trip.\u201d<\/p>\n\n\n\n<h4 class=\"gb-headline gb-headline-c9c8225e gb-headline-text\"><strong>A.H.<\/strong><\/h4>\n<\/div>\n<\/div>\n\n<\/div><\/div>\n\n<div class=\"gb-container gb-container-d017a16f\"><div class=\"gb-inside-container\">\n\n<h3 class=\"gb-headline gb-headline-902d6574\"><span class=\"gb-icon\"><svg xmlns=\"http:\/\/www.w3.org\/2000\/svg\" viewBox=\"0 0 24 24\" width=\"24\" height=\"24\"><path fill=\"none\" d=\"M0 0h24v24H0z\"><\/path><path d=\"M9 4h5.446a1 1 0 0 1 .848.47L18.75 10h4.408a.5.5 0 0 1 .439.74L19.637 18H19a6.01 6.01 0 0 1-1.535-.198L20.63 12H3.4l1.048 5.824A6.013 6.013 0 0 1 3 18h-.545l-1.24-6.821A1 1 0 0 1 2.197 10H3V5a1 1 0 0 1 1-1h1V1h4v3zm-4 6h11.392l-2.5-4H5v4zM3 20a5.978 5.978 0 0 0 4-1.528A5.978 5.978 0 0 0 11 20a5.978 5.978 0 0 0 4-1.528A5.978 5.978 0 0 0 19 20h2v2h-2a7.963 7.963 0 0 1-4-1.07A7.963 7.963 0 0 1 11 22a7.963 7.963 0 0 1-4-1.07A7.963 7.963 0 0 1 3 22H1v-2h2z\"><\/path><\/svg><\/span><span class=\"gb-headline-text\">Como Comprar Dessalinizadores?<\/span><\/h3>\n\n\n\n<p class=\"has-text-align-center has-white-color has-text-color\">Os dessalinizadores Aqua Nautica podem ser adquiridos por meio de nossa rede de distribui\u00e7\u00e3o e entregues em quase qualquer lugar do mundo. Para comprar o dispositivo, entre em contato com o centro de distribui\u00e7\u00e3o mais pr\u00f3ximo geograficamente ou com um distribuidor autorizado.<\/p>\n\n\n<div class=\"gb-button-wrapper gb-button-wrapper-5a8f83f9\">\n\n<a class=\"gb-button gb-button-f7a25915\" href=\"https:\/\/aqua-nautica.com\/pt-pt\/contato\/\"><span class=\"gb-button-text\">LER MAIS <\/span><span class=\"gb-icon\"><svg xmlns=\"http:\/\/www.w3.org\/2000\/svg\" viewBox=\"0 0 256 512\" width=\"1em\" height=\"1em\" aria-hidden=\"true\"><path d=\"M224.3 273l-136 136c-9.4 9.4-24.6 9.4-33.9 0l-22.6-22.6c-9.4-9.4-9.4-24.6 0-33.9l96.4-96.4-96.4-96.4c-9.4-9.4-9.4-24.6 0-33.9L54.3 103c9.4-9.4 24.6-9.4 33.9 0l136 136c9.5 9.4 9.5 24.6.1 34z\" fill=\"currentColor\"><\/path><\/svg><\/span><\/a>\n\n<\/div>\n<\/div><div class=\"gb-shapes\"><div class=\"gb-shape gb-shape-1\"><svg xmlns=\"http:\/\/www.w3.org\/2000\/svg\" viewBox=\"0 0 1200 50\" preserveAspectRatio=\"none\"><path d=\"M640 30L600 0l-40 30H0v20h1200V30z\"\/><\/svg><\/div><\/div><\/div>","protected":false},"excerpt":{"rendered":"<p>\u201cFabricamos dessalinizadores marinhos de recupera\u00e7\u00e3o de energia confi\u00e1veis e de qualidade pelo pre\u00e7o mais acess\u00edvel.\u201d Como Comprar Dessalinizadores? Os dessalinizadores Aqua Nautica podem ser adquiridos por meio de nossa rede de distribui\u00e7\u00e3o e entregues em quase qualquer lugar do mundo. Para comprar o dispositivo, entre em contato com o centro de distribui\u00e7\u00e3o mais pr\u00f3ximo geograficamente &#8230; <a title=\"Sobre n\u00f3s\" class=\"read-more\" href=\"https:\/\/aqua-nautica.com\/pt-pt\/sobre-nos\/\" aria-label=\"Leia mais sobre Sobre n\u00f3s\">Ler mais<\/a><\/p>\n","protected":false},"author":1,"featured_media":0,"parent":0,"menu_order":0,"comment_status":"closed","ping_status":"closed","template":"","meta":{"_seopress_robots_primary_cat":"","_seopress_titles_title":"","_seopress_titles_desc":"","_seopress_robots_index":"","pgc_sgb_lightbox_settings":"","footnotes":""},"class_list":["post-7278","page","type-page","status-publish"],"_links":{"self":[{"href":"https:\/\/aqua-nautica.com\/pt-pt\/wp-json\/wp\/v2\/pages\/7278","targetHints":{"allow":["GET"]}}],"collection":[{"href":"https:\/\/aqua-nautica.com\/pt-pt\/wp-json\/wp\/v2\/pages"}],"about":[{"href":"https:\/\/aqua-nautica.com\/pt-pt\/wp-json\/wp\/v2\/types\/page"}],"author":[{"embeddable":true,"href":"https:\/\/aqua-nautica.com\/pt-pt\/wp-json\/wp\/v2\/users\/1"}],"replies":[{"embeddable":true,"href":"https:\/\/aqua-nautica.com\/pt-pt\/wp-json\/wp\/v2\/comments?post=7278"}],"version-history":[{"count":4,"href":"https:\/\/aqua-nautica.com\/pt-pt\/wp-json\/wp\/v2\/pages\/7278\/revisions"}],"predecessor-version":[{"id":9164,"href":"https:\/\/aqua-nautica.com\/pt-pt\/wp-json\/wp\/v2\/pages\/7278\/revisions\/9164"}],"wp:attachment":[{"href":"https:\/\/aqua-nautica.com\/pt-pt\/wp-json\/wp\/v2\/media?parent=7278"}],"curies":[{"name":"wp","href":"https:\/\/api.w.org\/{rel}","templated":true}]}}