{"id":7477,"date":"2024-10-21T17:03:08","date_gmt":"2024-10-21T17:03:08","guid":{"rendered":"https:\/\/aqua-nautica.com\/?post_type=product&#038;p=7477"},"modified":"2026-03-05T14:28:24","modified_gmt":"2026-03-05T14:28:24","slug":"watermaker-aqua-nautica-an-25","status":"publish","type":"product","link":"https:\/\/aqua-nautica.com\/pt-pt\/produto\/watermaker-aqua-nautica-an-25\/","title":{"rendered":"Dessalinizador AN-25 | Out of stock"},"content":{"rendered":"<p>Diga adeus \u00e0s preocupa\u00e7\u00f5es com a \u00e1gua com o dessalinizador <strong>Aqua-Nautica AN-25<\/strong>, a combina\u00e7\u00e3o perfeita de efici\u00eancia, desempenho e conveni\u00eancia. Este dessalinizador de \u00faltima gera\u00e7\u00e3o produz <strong>25 litros<\/strong> de \u00e1gua doce por hora com um consumo ultrabaixo de apenas <strong>108 W<\/strong>, gra\u00e7as \u00e0 inovadora tecnologia de recupera\u00e7\u00e3o de energia. Desfrute de toda a \u00e1gua que precisa sem esgotar sua bateria!<\/p>\n<p>Fabricado com <strong>materiais de alta<\/strong> qualidade, o AN-25 foi constru\u00eddo para durar, oferecendo durabilidade excepcional nos ambientes mar\u00edtimos mais exigentes. Seu <strong>design modular<\/strong> garante uma instala\u00e7\u00e3o f\u00e1cil e que economiza espa\u00e7o\u2014posicione a bomba onde for mais conveniente para minimizar o ru\u00eddo e monte os outros componentes onde se encaixem perfeitamente.<\/p>\n<p>Dispon\u00edvel nas variantes de<strong> 12 V e 24 V<\/strong>, o AN-25 adapta-se facilmente ao sistema de energia da sua embarca\u00e7\u00e3o. Seja em uma longa viagem ou simplesmente buscando mais conforto a bordo, o <strong>Aqua-Nautica AN-25<\/strong> garante que voc\u00ea tenha \u00e1gua fresca e confi\u00e1vel ao seu alcance.<\/p>\n","protected":false},"excerpt":{"rendered":"<p><strong>Aqua-Nautica AN-25 Watermaker<\/strong>: Produza eficientemente <strong>25\u00a0L\/h<\/strong> de \u00e1gua doce com apenas <strong>108\u00a0W<\/strong> de consumo de energia, gra\u00e7as \u00e0 inovadora recupera\u00e7\u00e3o de energia. O design compacto e modular garante opera\u00e7\u00e3o silenciosa e instala\u00e7\u00e3o flex\u00edvel. Feito com <strong>materiais de alta<\/strong> qualidade para durabilidade prolongada, est\u00e1 dispon\u00edvel em modelos de <strong>12\u00a0V e 24\u00a0V<\/strong> para configura\u00e7\u00f5es vers\u00e1teis. Ideal para produ\u00e7\u00e3o eficiente e silenciosa de \u00e1gua em qualquer embarca\u00e7\u00e3o.<\/p>\n<p><strong>Os pre\u00e7os n\u00e3o incluem custos de envio ou impostos<\/strong><\/p>\n","protected":false},"featured_media":6981,"template":"","meta":{"_seopress_robots_primary_cat":"none","_seopress_titles_title":"","_seopress_titles_desc":"","_seopress_robots_index":"","pgc_sgb_lightbox_settings":""},"product_brand":[],"product_cat":[51],"product_tag":[],"class_list":{"0":"post-7477","1":"product","2":"type-product","3":"status-publish","4":"has-post-thumbnail","6":"product_cat-dessalinizadores-marinhos","7":"","8":"woocommerce-text-align-center","9":"woocommerce-image-align-center","10":"do-quantity-buttons","12":"first","13":"outofstock","14":"shipping-taxable","15":"product-type-simple"},"_links":{"self":[{"href":"https:\/\/aqua-nautica.com\/pt-pt\/wp-json\/wp\/v2\/product\/7477","targetHints":{"allow":["GET"]}}],"collection":[{"href":"https:\/\/aqua-nautica.com\/pt-pt\/wp-json\/wp\/v2\/product"}],"about":[{"href":"https:\/\/aqua-nautica.com\/pt-pt\/wp-json\/wp\/v2\/types\/product"}],"wp:featuredmedia":[{"embeddable":true,"href":"https:\/\/aqua-nautica.com\/pt-pt\/wp-json\/wp\/v2\/media\/6981"}],"wp:attachment":[{"href":"https:\/\/aqua-nautica.com\/pt-pt\/wp-json\/wp\/v2\/media?parent=7477"}],"wp:term":[{"taxonomy":"product_brand","embeddable":true,"href":"https:\/\/aqua-nautica.com\/pt-pt\/wp-json\/wp\/v2\/product_brand?post=7477"},{"taxonomy":"product_cat","embeddable":true,"href":"https:\/\/aqua-nautica.com\/pt-pt\/wp-json\/wp\/v2\/product_cat?post=7477"},{"taxonomy":"product_tag","embeddable":true,"href":"https:\/\/aqua-nautica.com\/pt-pt\/wp-json\/wp\/v2\/product_tag?post=7477"}],"curies":[{"name":"wp","href":"https:\/\/api.w.org\/{rel}","templated":true}]}}